{"id":343,"date":"2024-05-23T17:34:35","date_gmt":"2024-05-23T17:34:35","guid":{"rendered":"https:\/\/www.superyachtcharteribiza.com\/?page_id=343"},"modified":"2024-07-23T08:51:37","modified_gmt":"2024-07-23T08:51:37","slug":"crew-recruitment","status":"publish","type":"page","link":"https:\/\/www.superyachtcharteribiza.com\/de\/crew-recruitment\/","title":{"rendered":"Crew-Rekrutierung"},"content":{"rendered":"\t\t<div data-elementor-type=\"wp-page\" data-elementor-id=\"343\" class=\"elementor elementor-343\" data-elementor-post-type=\"page\">\n\t\t\t\t<div class=\"elementor-element elementor-element-760453e e-con-full e-flex e-con e-parent\" data-id=\"760453e\" data-element_type=\"container\" data-settings=\"{&quot;background_background&quot;:&quot;classic&quot;}\">\n\t\t\t\t<div class=\"elementor-element elementor-element-93d98cf elementor-widget__width-initial elementor-widget elementor-widget-heading\" data-id=\"93d98cf\" data-element_type=\"widget\" data-widget_type=\"heading.default\">\n\t\t\t\t<div class=\"elementor-widget-container\">\n\t\t\t\t\t<h1 class=\"elementor-heading-title elementor-size-default\">Crew-Rekrutierung<\/h1>\t\t\t\t<\/div>\n\t\t\t\t<\/div>\n\t\t\t\t<\/div>\n\t\t<div class=\"elementor-element elementor-element-0565076 e-flex e-con-boxed e-con e-parent\" data-id=\"0565076\" data-element_type=\"container\">\n\t\t\t\t\t<div class=\"e-con-inner\">\n\t\t\t\t<div class=\"elementor-element elementor-element-2eb2cc1 elementor-widget elementor-widget-heading\" data-id=\"2eb2cc1\" data-element_type=\"widget\" data-widget_type=\"heading.default\">\n\t\t\t\t<div class=\"elementor-widget-container\">\n\t\t\t\t\t<h2 class=\"elementor-heading-title elementor-size-default\">Der Schl\u00fcssel zum Erfolg einer angenehmen Zeit an Bord und eines exzellenten Service.<\/h2>\t\t\t\t<\/div>\n\t\t\t\t<\/div>\n\t\t\t\t<div class=\"elementor-element elementor-element-2f73aa0 elementor-widget__width-initial elementor-widget elementor-widget-text-editor\" data-id=\"2f73aa0\" data-element_type=\"widget\" data-widget_type=\"text-editor.default\">\n\t\t\t\t<div class=\"elementor-widget-container\">\n\t\t\t\t\t\t\t\t\t<p>Aufgrund unserer langj\u00e4hrigen Erfahrung im Bereich der Luxusyachten sind wir uns bewusst, dass die Crew an Bord Ihrer Yacht der Schl\u00fcssel zum Erfolg einer angenehmen Navigation und eines exzellenten Service f\u00fcr diejenigen ist, die Charteryachten genie\u00dfen oder f\u00fcr Eigent\u00fcmer, die ihr Boot privat nutzen.<\/p><p>Aus diesem Grund haben wir uns entschlossen, unser Serviceportfolio zu erweitern und eine Auswahl an Kapit\u00e4nen, Decksleuten, K\u00f6chen und Stewardessen zu schaffen, die alle sorgf\u00e4ltig ausgew\u00e4hlt wurden, um die maximale Professionalit\u00e4t an Bord Ihrer Yacht zu gew\u00e4hrleisten.<\/p><p>Der Prozess, dem wir folgen, um die passende Crew zu finden, besteht aus vier Hauptrichtlinien f\u00fcr Charter- oder Privatyachten.<\/p><ul><li>Wir besprechen und kl\u00e4ren die Eigenschaften der Yacht mit den Eignern und besuchen jede Yacht, wann immer es m\u00f6glich ist.<\/li><li>Wir verschaffen uns einen \u00dcberblick \u00fcber die erforderlichen Dienstleistungen an Bord, wie z.B. Sprachkenntnisse, Kenntnisse der \u00fcblichen Navigationsbereiche Ihrer Yacht, Bedarf an tempor\u00e4rer oder permanenter Crew.<\/li><li>Wir filtern unsere Crew-Basis, allesamt Profis mit g\u00fcltigen Navigations-Qualifikationen und Lizenzen, um Dienstleistungen an Bord anzubieten, von denen, die den Anforderungen jedes Eigners und jeder Yacht am besten entsprechen.<\/li><li>Wir bieten unseren Kunden das Profil derjenigen an, die den Kriterien entsprechen und erm\u00f6glichen\u00a0 Eignern und Besatzungsmitgliedern, sich gegenseitig kennenzulernen und stellen sicher, dass neben der Erf\u00fcllung aller beruflichen Anforderungen auch ein gutes pers\u00f6nliches Verh\u00e4ltnis besteht, das sowohl f\u00fcr Charter- als auch f\u00fcr Privatyachten notwendig ist.<\/li><\/ul><p>Mit der Garantie, dass wir die Bedeutung des richtigen Personals an Bord erkennen und eine Weiterverfolgung der Crewmitglieder anbieten, die wir Ihnen bei der Auswahl helfen, freuen wir uns, Ihnen bei Charter &amp; Dreams unseren Crew Management Service und unsere Beratung anzubieten, wenn Sie die passende Crew f\u00fcr Ihre Yacht suchen.<\/p>\t\t\t\t\t\t\t\t<\/div>\n\t\t\t\t<\/div>\n\t\t\t\t\t<\/div>\n\t\t\t\t<\/div>\n\t\t\t\t<\/div>\n\t\t","protected":false},"excerpt":{"rendered":"<p>Crew-Rekrutierung Der Schl\u00fcssel zum Erfolg einer angenehmen Zeit an Bord und eines exzellenten Service. Aufgrund unserer langj\u00e4hrigen Erfahrung im Bereich der Luxusyachten sind wir uns bewusst, dass die Crew an Bord Ihrer Yacht der Schl\u00fcssel zum Erfolg einer angenehmen Navigation und eines exzellenten Service f\u00fcr diejenigen ist, die Charteryachten genie\u00dfen oder f\u00fcr Eigent\u00fcmer, die ihr [&hellip;]<\/p>\n","protected":false},"author":2,"featured_media":0,"parent":0,"menu_order":0,"comment_status":"closed","ping_status":"closed","template":"","meta":{"_acf_changed":false,"_joinchat":[],"footnotes":""},"class_list":["post-343","page","type-page","status-publish","hentry"],"acf":[],"_links":{"self":[{"href":"https:\/\/www.superyachtcharteribiza.com\/de\/wp-json\/wp\/v2\/pages\/343","targetHints":{"allow":["GET"]}}],"collection":[{"href":"https:\/\/www.superyachtcharteribiza.com\/de\/wp-json\/wp\/v2\/pages"}],"about":[{"href":"https:\/\/www.superyachtcharteribiza.com\/de\/wp-json\/wp\/v2\/types\/page"}],"author":[{"embeddable":true,"href":"https:\/\/www.superyachtcharteribiza.com\/de\/wp-json\/wp\/v2\/users\/2"}],"replies":[{"embeddable":true,"href":"https:\/\/www.superyachtcharteribiza.com\/de\/wp-json\/wp\/v2\/comments?post=343"}],"version-history":[{"count":4,"href":"https:\/\/www.superyachtcharteribiza.com\/de\/wp-json\/wp\/v2\/pages\/343\/revisions"}],"predecessor-version":[{"id":347,"href":"https:\/\/www.superyachtcharteribiza.com\/de\/wp-json\/wp\/v2\/pages\/343\/revisions\/347"}],"wp:attachment":[{"href":"https:\/\/www.superyachtcharteribiza.com\/de\/wp-json\/wp\/v2\/media?parent=343"}],"curies":[{"name":"wp","href":"https:\/\/api.w.org\/{rel}","templated":true}]}}