{"id":372,"date":"2024-05-24T09:08:02","date_gmt":"2024-05-24T09:08:02","guid":{"rendered":"https:\/\/www.superyachtcharteribiza.com\/?page_id=372"},"modified":"2025-01-03T14:44:51","modified_gmt":"2025-01-03T14:44:51","slug":"cookies-policy","status":"publish","type":"page","link":"https:\/\/www.superyachtcharteribiza.com\/de\/cookies-policy\/","title":{"rendered":"Cookie-Richtlinie"},"content":{"rendered":"\t\t<div data-elementor-type=\"wp-page\" data-elementor-id=\"372\" class=\"elementor elementor-372 elementor-357\" data-elementor-post-type=\"page\">\n\t\t\t\t<div class=\"elementor-element elementor-element-2c549dd e-con-full e-flex e-con e-parent\" data-id=\"2c549dd\" data-element_type=\"container\" data-settings=\"{&quot;background_background&quot;:&quot;classic&quot;}\">\n\t\t\t\t<div class=\"elementor-element elementor-element-e21697b elementor-widget elementor-widget-image\" data-id=\"e21697b\" data-element_type=\"widget\" data-widget_type=\"image.default\">\n\t\t\t\t<div class=\"elementor-widget-container\">\n\t\t\t\t\t\t\t\t\t\t\t\t\t\t\t<img fetchpriority=\"high\" decoding=\"async\" width=\"2560\" height=\"1683\" src=\"https:\/\/www.superyachtcharteribiza.com\/wp-content\/uploads\/sites\/3\/2024\/12\/ibiza-2-scaled-1-1.jpg\" class=\"attachment-full size-full wp-image-1841\" alt=\"\" srcset=\"https:\/\/www.superyachtcharteribiza.com\/wp-content\/uploads\/sites\/3\/2024\/12\/ibiza-2-scaled-1-1.jpg 2560w, https:\/\/www.superyachtcharteribiza.com\/wp-content\/uploads\/sites\/3\/2024\/12\/ibiza-2-scaled-1-1-992x652.jpg 992w, https:\/\/www.superyachtcharteribiza.com\/wp-content\/uploads\/sites\/3\/2024\/12\/ibiza-2-scaled-1-1-1550x1019.jpg 1550w, https:\/\/www.superyachtcharteribiza.com\/wp-content\/uploads\/sites\/3\/2024\/12\/ibiza-2-scaled-1-1-576x379.jpg 576w, https:\/\/www.superyachtcharteribiza.com\/wp-content\/uploads\/sites\/3\/2024\/12\/ibiza-2-scaled-1-1-768x505.jpg 768w, https:\/\/www.superyachtcharteribiza.com\/wp-content\/uploads\/sites\/3\/2024\/12\/ibiza-2-scaled-1-1-1536x1010.jpg 1536w, https:\/\/www.superyachtcharteribiza.com\/wp-content\/uploads\/sites\/3\/2024\/12\/ibiza-2-scaled-1-1-2048x1346.jpg 2048w, https:\/\/www.superyachtcharteribiza.com\/wp-content\/uploads\/sites\/3\/2024\/12\/ibiza-2-scaled-1-1-1900x1249.jpg 1900w\" sizes=\"(max-width: 2560px) 100vw, 2560px\" \/>\t\t\t\t\t\t\t\t\t\t\t\t\t\t\t<\/div>\n\t\t\t\t<\/div>\n\t\t<div class=\"elementor-element elementor-element-4f26e10 e-flex e-con-boxed e-con e-child\" data-id=\"4f26e10\" data-element_type=\"container\" data-settings=\"{&quot;position&quot;:&quot;absolute&quot;}\">\n\t\t\t\t\t<div class=\"e-con-inner\">\n\t\t\t\t<div class=\"elementor-element elementor-element-ecdb488 elementor-widget__width-initial elementor-widget elementor-widget-heading\" data-id=\"ecdb488\" data-element_type=\"widget\" data-widget_type=\"heading.default\">\n\t\t\t\t<div class=\"elementor-widget-container\">\n\t\t\t\t\t<h1 class=\"elementor-heading-title elementor-size-default\">Cookie-Richtlinie<\/h1>\t\t\t\t<\/div>\n\t\t\t\t<\/div>\n\t\t\t\t\t<\/div>\n\t\t\t\t<\/div>\n\t\t\t\t<\/div>\n\t\t<div class=\"elementor-element elementor-element-ba6e3c7 e-flex e-con-boxed e-con e-parent\" data-id=\"ba6e3c7\" data-element_type=\"container\">\n\t\t\t\t\t<div class=\"e-con-inner\">\n\t\t\t\t<div class=\"elementor-element elementor-element-4d32ccf elementor-widget__width-initial elementor-widget elementor-widget-text-editor\" data-id=\"4d32ccf\" data-element_type=\"widget\" data-widget_type=\"text-editor.default\">\n\t\t\t\t<div class=\"elementor-widget-container\">\n\t\t\t\t\t\t\t\t\t<p>Ein Cookie ist eine Datei, die auf das Ger\u00e4t des Nutzers heruntergeladen wird, wenn er auf bestimmte Webseiten zugreift, um Informationen \u00fcber das von diesem Ger\u00e4t aus durchgef\u00fchrte Surfen zu speichern und abzurufen. Cookies erm\u00f6glichen unter anderem die Speicherung und den Abruf von Informationen \u00fcber die Gewohnheiten und die Konfiguration des Nutzers.<\/p>\n<p><br>Charter&amp;Dreams verwendet Cookies, um die Benutzererfahrung zu personalisieren und zu verbessern, indem die Pr\u00e4ferenzen der Benutzer identifiziert und gespeichert werden, einschlie\u00dflich ihrer Registrierung, und um die Navigation zu erleichtern.<br>Der Benutzer kann die Annahme von Cookies verweigern, indem er die Einstellungen in seinem Browser aktiviert. Wenn Sie diese Einstellung w\u00e4hlen, kann es jedoch sein, dass Sie auf bestimmte Seiten oder Dienste der Anwendung nicht zugreifen k\u00f6nnen.<\/p>\n<p><br>Charter&amp;Dreams verwendet auf der Website die folgenden Cookies, die im Folgenden n\u00e4her erl\u00e4utert werden:<br>Cookies, die f\u00fcr die Bereitstellung bestimmter, vom Nutzer ausdr\u00fccklich angeforderter Dienste unbedingt erforderlich sind und die f\u00fcr eine ordnungsgem\u00e4\u00dfe Navigation verwendet werden k\u00f6nnen oder die dazu dienen, dass der Inhalt einer Website effektiv geladen wird, wenn sie deaktiviert sind, kann der Nutzer die eingerichteten Dienste und Inhalte nicht ordnungsgem\u00e4\u00df empfangen.<br>Erstanbieter-Cookies sind Cookies, die von einem Computer oder einer Dom\u00e4ne, die vom Herausgeber selbst verwaltet wird und von der aus der vom Benutzer angeforderte Dienst bereitgestellt wird, an das Endger\u00e4t des Benutzers gesendet werden.<br>Analyse-Cookies, die der \u00dcberwachung und Sammlung statistischer Daten \u00fcber die Aktivit\u00e4t dienen, um dem Nutzer den besten Service zu garantieren.<\/p><p><br>Sitzungscookies, die dazu dienen, Daten zu sammeln und zu speichern, w\u00e4hrend der Benutzer eine Webseite aufruft.<\/p>\n<p>Verwendete Cookies:<br>1P_JAR: Cookies, die zu Google Maps geh\u00f6ren.<br>PHPSESSID: F\u00fcr die Benutzeranmeldung verwendete Cookies.<br>_ga: Cookies, die zu Google Analytics geh\u00f6ren.<\/p>\n<p>Bei den meisten Browsern kann der Nutzer derzeit einstellen, ob und welche Cookies er akzeptieren m\u00f6chte. Nutzer, die Cookies deaktivieren m\u00f6chten, k\u00f6nnen dies \u00fcber die Einstellungen ihres Internetbrowsers tun. Diese Einstellungen befinden sich normalerweise im Men\u00fc &#8222;Optionen&#8220; oder &#8222;Einstellungen&#8220; Ihres Browsers: Chrome, Explorer, Firefox, Safari.<br>Hier sind die Anweisungen f\u00fcr die Einstellung von Cookies in den wichtigsten Browsern:<br>Chrome: Einstellungen -&gt; Erweiterte Optionen anzeigen -&gt; Datenschutz -&gt; Inhaltseinstellungen.<br>Weitere Informationen finden Sie beim Google-Support oder in der Hilfe des Browsers, unter http:\/\/support.google.com\/chrome\/bin\/answer.py?hl=es&amp;answer=95647.<\/p>\n<p>Internet Explorer: Extras -&gt; Internetoptionen -&gt; Datenschutz -&gt; Einstellungen.<br>Weitere Informationen erhalten Sie beim Microsoft-Support oder in der Browser-Hilfe unter http:\/\/windows.microsoft.com\/es-es\/windows7\/how-to-manage-cookies-in-internet-explorer-9.<\/p>\n<p>Firefox: Extras -&gt; Optionen -&gt; Datenschutz -&gt; Verlauf -&gt; Benutzerdefinierte Einstellungen.<br>Weitere Informationen erhalten Sie beim Mozilla-Support oder in der Hilfe des Browsers unter https:\/\/support.mozilla.org\/es\/kb\/habilitar-y-deshabilitar-cookies-sitios-web-rastrear-preferencias?redirectlocale=es&amp;redirectslug=habilitar-y-deshabilitar-cookies-que-los-sitios-we.<\/p>\n<p>Safari: Voreinstellungen -&gt; Sicherheit.<br>Weitere Informationen finden Sie beim Apple-Support oder in der Browser-Hilfe unter http:\/\/support.apple.com\/kb\/ph5042.<\/p>\n<p>Wenn Sie Fragen haben oder Hilfe ben\u00f6tigen, k\u00f6nnen Sie uns unter der folgenden Adresse kontaktieren: info@charteranddreams.com.<\/p>\t\t\t\t\t\t\t\t<\/div>\n\t\t\t\t<\/div>\n\t\t\t\t\t<\/div>\n\t\t\t\t<\/div>\n\t\t\t\t<\/div>\n\t\t","protected":false},"excerpt":{"rendered":"<p>Cookie-Richtlinie Ein Cookie ist eine Datei, die auf das Ger\u00e4t des Nutzers heruntergeladen wird, wenn er auf bestimmte Webseiten zugreift, um Informationen \u00fcber das von diesem Ger\u00e4t aus durchgef\u00fchrte Surfen zu speichern und abzurufen. Cookies erm\u00f6glichen unter anderem die Speicherung und den Abruf von Informationen \u00fcber die Gewohnheiten und die Konfiguration des Nutzers. Charter&amp;Dreams verwendet [&hellip;]<\/p>\n","protected":false},"author":2,"featured_media":0,"parent":0,"menu_order":0,"comment_status":"closed","ping_status":"closed","template":"","meta":{"_acf_changed":false,"_joinchat":[],"footnotes":""},"class_list":["post-372","page","type-page","status-publish","hentry"],"acf":[],"_links":{"self":[{"href":"https:\/\/www.superyachtcharteribiza.com\/de\/wp-json\/wp\/v2\/pages\/372","targetHints":{"allow":["GET"]}}],"collection":[{"href":"https:\/\/www.superyachtcharteribiza.com\/de\/wp-json\/wp\/v2\/pages"}],"about":[{"href":"https:\/\/www.superyachtcharteribiza.com\/de\/wp-json\/wp\/v2\/types\/page"}],"author":[{"embeddable":true,"href":"https:\/\/www.superyachtcharteribiza.com\/de\/wp-json\/wp\/v2\/users\/2"}],"replies":[{"embeddable":true,"href":"https:\/\/www.superyachtcharteribiza.com\/de\/wp-json\/wp\/v2\/comments?post=372"}],"version-history":[{"count":7,"href":"https:\/\/www.superyachtcharteribiza.com\/de\/wp-json\/wp\/v2\/pages\/372\/revisions"}],"predecessor-version":[{"id":2024,"href":"https:\/\/www.superyachtcharteribiza.com\/de\/wp-json\/wp\/v2\/pages\/372\/revisions\/2024"}],"wp:attachment":[{"href":"https:\/\/www.superyachtcharteribiza.com\/de\/wp-json\/wp\/v2\/media?parent=372"}],"curies":[{"name":"wp","href":"https:\/\/api.w.org\/{rel}","templated":true}]}}