{"id":1168,"date":"2024-06-06T10:57:04","date_gmt":"2024-06-06T10:57:04","guid":{"rendered":"https:\/\/www.superyachtcharteribiza.com\/404-page-not-found\/"},"modified":"2025-01-03T14:32:17","modified_gmt":"2025-01-03T14:32:17","slug":"404-page-not-found","status":"publish","type":"page","link":"https:\/\/www.superyachtcharteribiza.com\/es\/404-page-not-found\/","title":{"rendered":"404 &#8211; Page Not Found"},"content":{"rendered":"\t\t<div data-elementor-type=\"wp-page\" data-elementor-id=\"1168\" class=\"elementor elementor-1168 elementor-1159\" data-elementor-post-type=\"page\">\n\t\t\t\t<div class=\"elementor-element elementor-element-75ed839 e-con-full e-flex e-con e-parent\" data-id=\"75ed839\" data-element_type=\"container\" data-settings=\"{&quot;background_background&quot;:&quot;classic&quot;}\">\n\t\t\t\t<div class=\"elementor-element elementor-element-b34679e elementor-widget elementor-widget-image\" data-id=\"b34679e\" data-element_type=\"widget\" data-widget_type=\"image.default\">\n\t\t\t\t<div class=\"elementor-widget-container\">\n\t\t\t\t\t\t\t\t\t\t\t\t\t\t\t<img fetchpriority=\"high\" decoding=\"async\" width=\"2560\" height=\"1918\" src=\"https:\/\/www.superyachtcharteribiza.com\/wp-content\/uploads\/sites\/3\/2025\/01\/Navagio-beach-greece-scaled-1-1.jpg\" class=\"attachment-full size-full wp-image-1955\" alt=\"\" srcset=\"https:\/\/www.superyachtcharteribiza.com\/wp-content\/uploads\/sites\/3\/2025\/01\/Navagio-beach-greece-scaled-1-1.jpg 2560w, https:\/\/www.superyachtcharteribiza.com\/wp-content\/uploads\/sites\/3\/2025\/01\/Navagio-beach-greece-scaled-1-1-992x743.jpg 992w, https:\/\/www.superyachtcharteribiza.com\/wp-content\/uploads\/sites\/3\/2025\/01\/Navagio-beach-greece-scaled-1-1-1550x1161.jpg 1550w, https:\/\/www.superyachtcharteribiza.com\/wp-content\/uploads\/sites\/3\/2025\/01\/Navagio-beach-greece-scaled-1-1-576x432.jpg 576w, https:\/\/www.superyachtcharteribiza.com\/wp-content\/uploads\/sites\/3\/2025\/01\/Navagio-beach-greece-scaled-1-1-768x575.jpg 768w, https:\/\/www.superyachtcharteribiza.com\/wp-content\/uploads\/sites\/3\/2025\/01\/Navagio-beach-greece-scaled-1-1-1536x1151.jpg 1536w, https:\/\/www.superyachtcharteribiza.com\/wp-content\/uploads\/sites\/3\/2025\/01\/Navagio-beach-greece-scaled-1-1-2048x1534.jpg 2048w, https:\/\/www.superyachtcharteribiza.com\/wp-content\/uploads\/sites\/3\/2025\/01\/Navagio-beach-greece-scaled-1-1-1900x1424.jpg 1900w\" sizes=\"(max-width: 2560px) 100vw, 2560px\" \/>\t\t\t\t\t\t\t\t\t\t\t\t\t\t\t<\/div>\n\t\t\t\t<\/div>\n\t\t<div class=\"elementor-element elementor-element-71eac56 e-flex e-con-boxed e-con e-child\" data-id=\"71eac56\" data-element_type=\"container\" data-settings=\"{&quot;position&quot;:&quot;absolute&quot;}\">\n\t\t\t\t\t<div class=\"e-con-inner\">\n\t\t\t\t<div class=\"elementor-element elementor-element-d6ab342 elementor-widget__width-initial elementor-widget elementor-widget-heading\" data-id=\"d6ab342\" data-element_type=\"widget\" data-widget_type=\"heading.default\">\n\t\t\t\t<div class=\"elementor-widget-container\">\n\t\t\t\t\t<h1 class=\"elementor-heading-title elementor-size-default\">Lo lamentamos<\/h1>\t\t\t\t<\/div>\n\t\t\t\t<\/div>\n\t\t\t\t<div class=\"elementor-element elementor-element-3351452 elementor-widget__width-initial elementor-widget elementor-widget-text-editor\" data-id=\"3351452\" data-element_type=\"widget\" data-widget_type=\"text-editor.default\">\n\t\t\t\t<div class=\"elementor-widget-container\">\n\t\t\t\t\t\t\t\t\tNo se puede encontrar la p\u00e1gina que est\u00e1s buscando. Es posible que se haya eliminado, se haya cambiado el nombre o no est\u00e9 disponible temporalmente. Comprueba la URL para ver si hay errores ortogr\u00e1ficos o intenta navegar de nuevo a la <a href=\"https:\/\/www.superyachtcharteribiza.com\/es\/\" target=\"_blank\" rel=\"noopener\"><strong>p\u00e1gina de inicio<\/strong><\/a>. Gracias por tu comprensi\u00f3n.\t\t\t\t\t\t\t\t<\/div>\n\t\t\t\t<\/div>\n\t\t\t\t\t<\/div>\n\t\t\t\t<\/div>\n\t\t\t\t<\/div>\n\t\t\t\t<\/div>\n\t\t","protected":false},"excerpt":{"rendered":"<p>Lo lamentamos No se puede encontrar la p\u00e1gina que est\u00e1s buscando. Es posible que se haya eliminado, se haya cambiado el nombre o no est\u00e9 disponible temporalmente. Comprueba la URL para ver si hay errores ortogr\u00e1ficos o intenta navegar de nuevo a la p\u00e1gina de inicio. Gracias por tu comprensi\u00f3n.<\/p>\n","protected":false},"author":2,"featured_media":0,"parent":0,"menu_order":0,"comment_status":"closed","ping_status":"closed","template":"","meta":{"_acf_changed":false,"_joinchat":[],"footnotes":""},"class_list":["post-1168","page","type-page","status-publish","hentry"],"acf":[],"_links":{"self":[{"href":"https:\/\/www.superyachtcharteribiza.com\/es\/wp-json\/wp\/v2\/pages\/1168","targetHints":{"allow":["GET"]}}],"collection":[{"href":"https:\/\/www.superyachtcharteribiza.com\/es\/wp-json\/wp\/v2\/pages"}],"about":[{"href":"https:\/\/www.superyachtcharteribiza.com\/es\/wp-json\/wp\/v2\/types\/page"}],"author":[{"embeddable":true,"href":"https:\/\/www.superyachtcharteribiza.com\/es\/wp-json\/wp\/v2\/users\/2"}],"replies":[{"embeddable":true,"href":"https:\/\/www.superyachtcharteribiza.com\/es\/wp-json\/wp\/v2\/comments?post=1168"}],"version-history":[{"count":7,"href":"https:\/\/www.superyachtcharteribiza.com\/es\/wp-json\/wp\/v2\/pages\/1168\/revisions"}],"predecessor-version":[{"id":1963,"href":"https:\/\/www.superyachtcharteribiza.com\/es\/wp-json\/wp\/v2\/pages\/1168\/revisions\/1963"}],"wp:attachment":[{"href":"https:\/\/www.superyachtcharteribiza.com\/es\/wp-json\/wp\/v2\/media?parent=1168"}],"curies":[{"name":"wp","href":"https:\/\/api.w.org\/{rel}","templated":true}]}}