{"id":338,"date":"2024-05-23T17:34:35","date_gmt":"2024-05-23T17:34:35","guid":{"rendered":"https:\/\/www.superyachtcharteribiza.com\/?page_id=338"},"modified":"2024-07-23T08:51:41","modified_gmt":"2024-07-23T08:51:41","slug":"crew-recruitment","status":"publish","type":"page","link":"https:\/\/www.superyachtcharteribiza.com\/es\/crew-recruitment\/","title":{"rendered":"Gesti\u00f3n de tripulaci\u00f3n"},"content":{"rendered":"\t\t<div data-elementor-type=\"wp-page\" data-elementor-id=\"338\" class=\"elementor elementor-338\" data-elementor-post-type=\"page\">\n\t\t\t\t<div class=\"elementor-element elementor-element-f75e55b e-con-full e-flex e-con e-parent\" data-id=\"f75e55b\" data-element_type=\"container\" data-settings=\"{&quot;background_background&quot;:&quot;classic&quot;}\">\n\t\t\t\t<div class=\"elementor-element elementor-element-d825e43 elementor-widget__width-initial elementor-widget elementor-widget-heading\" data-id=\"d825e43\" data-element_type=\"widget\" data-widget_type=\"heading.default\">\n\t\t\t\t<div class=\"elementor-widget-container\">\n\t\t\t\t\t<h1 class=\"elementor-heading-title elementor-size-default\">Gesti\u00f3n de tripulaci\u00f3n<\/h1>\t\t\t\t<\/div>\n\t\t\t\t<\/div>\n\t\t\t\t<\/div>\n\t\t<div class=\"elementor-element elementor-element-9c58b23 e-flex e-con-boxed e-con e-parent\" data-id=\"9c58b23\" data-element_type=\"container\">\n\t\t\t\t\t<div class=\"e-con-inner\">\n\t\t\t\t<div class=\"elementor-element elementor-element-f3ca846 elementor-widget elementor-widget-heading\" data-id=\"f3ca846\" data-element_type=\"widget\" data-widget_type=\"heading.default\">\n\t\t\t\t<div class=\"elementor-widget-container\">\n\t\t\t\t\t<h2 class=\"elementor-heading-title elementor-size-default\">La clave para una perfecta experiencia de navegaci\u00f3n, descanso y buen servicio.<\/h2>\t\t\t\t<\/div>\n\t\t\t\t<\/div>\n\t\t\t\t<div class=\"elementor-element elementor-element-938bbbf elementor-widget__width-initial elementor-widget elementor-widget-text-editor\" data-id=\"938bbbf\" data-element_type=\"widget\" data-widget_type=\"text-editor.default\">\n\t\t\t\t<div class=\"elementor-widget-container\">\n\t\t\t\t\t\t\t\t\t<p>Debido a nuestros a\u00f1os de experiencia en el sector del alquiler de yates de lujo, somos conscientes de que la tripulaci\u00f3n a bordo de su yate es clave para el \u00e9xito de una navegaci\u00f3n agradable y un servicio excelente para aquellos que disfrutan de los yates de alquiler o para los propietarios que hacen uso privado de su barco.<\/p><p>Por eso, motivados por el \u00e9xito de nuestro asesoramiento en la asignaci\u00f3n de tripulantes para los yates de nuestros clientes, decidimos ampliar nuestra cartera de servicios y crear una base de Capitanes, oficiales, marineros, chefs y azafatas, todos ellos cuidadosamente seleccionados para asegurar la m\u00e1xima profesionalidad a bordo de su yate.<\/p><p>El proceso que seguimos para encontrar la tripulaci\u00f3n adecuada se crea con cuatro pautas principales para los yates ch\u00e1rter o privados.<\/p><ul><li>Discutir y aclarar las caracter\u00edsticas del yate con los propietarios y visitar cada yate siempre que sea posible.<\/li><li>Comprender los servicios requeridos a bordo, tales como fluidez en los idiomas, conocimiento de las \u00e1reas de navegaci\u00f3n habituales de su yate, necesidad de tripulaci\u00f3n temporal o permanente.<\/li><li>Filtrar nuestra base de tripulantes, todos ellos profesionales con t\u00edtulos de navegaci\u00f3n v\u00e1lidos y licencias para la prestaci\u00f3n de servicios a bordo, por aquellos que mejor se adapten a las necesidades de cada armador y yate.<\/li><li>Proporcionar a nuestros clientes el perfil de aquellos que se ajustan a los criterios y permitir que el propietario y los miembros de la tripulaci\u00f3n se conozcan entre s\u00ed y que, adem\u00e1s de cumplir con todos los requisitos profesionales, exista un sentido de buena relaci\u00f3n personal, que ser\u00e1 necesario tanto para los yates ch\u00e1rter como para los yates privados.<\/li><\/ul><p>Con la garant\u00eda de que reconocemos la importancia de contar con el personal adecuado a bordo y que ofrecemos un seguimiento de los miembros de la tripulaci\u00f3n que le ayudamos a seleccionar, en Charter &amp; Dreams estamos encantados de ofrecerle nuestro servicio de Gesti\u00f3n de Tripulaci\u00f3n y asesoramiento cuando est\u00e9 buscando la tripulaci\u00f3n adecuada para su yate.<\/p>\t\t\t\t\t\t\t\t<\/div>\n\t\t\t\t<\/div>\n\t\t\t\t\t<\/div>\n\t\t\t\t<\/div>\n\t\t\t\t<\/div>\n\t\t","protected":false},"excerpt":{"rendered":"<p>Gesti\u00f3n de tripulaci\u00f3n La clave para una perfecta experiencia de navegaci\u00f3n, descanso y buen servicio. Debido a nuestros a\u00f1os de experiencia en el sector del alquiler de yates de lujo, somos conscientes de que la tripulaci\u00f3n a bordo de su yate es clave para el \u00e9xito de una navegaci\u00f3n agradable y un servicio excelente para [&hellip;]<\/p>\n","protected":false},"author":2,"featured_media":0,"parent":0,"menu_order":0,"comment_status":"closed","ping_status":"closed","template":"","meta":{"_acf_changed":false,"_joinchat":[],"footnotes":""},"class_list":["post-338","page","type-page","status-publish","hentry"],"acf":[],"_links":{"self":[{"href":"https:\/\/www.superyachtcharteribiza.com\/es\/wp-json\/wp\/v2\/pages\/338","targetHints":{"allow":["GET"]}}],"collection":[{"href":"https:\/\/www.superyachtcharteribiza.com\/es\/wp-json\/wp\/v2\/pages"}],"about":[{"href":"https:\/\/www.superyachtcharteribiza.com\/es\/wp-json\/wp\/v2\/types\/page"}],"author":[{"embeddable":true,"href":"https:\/\/www.superyachtcharteribiza.com\/es\/wp-json\/wp\/v2\/users\/2"}],"replies":[{"embeddable":true,"href":"https:\/\/www.superyachtcharteribiza.com\/es\/wp-json\/wp\/v2\/comments?post=338"}],"version-history":[{"count":4,"href":"https:\/\/www.superyachtcharteribiza.com\/es\/wp-json\/wp\/v2\/pages\/338\/revisions"}],"predecessor-version":[{"id":342,"href":"https:\/\/www.superyachtcharteribiza.com\/es\/wp-json\/wp\/v2\/pages\/338\/revisions\/342"}],"wp:attachment":[{"href":"https:\/\/www.superyachtcharteribiza.com\/es\/wp-json\/wp\/v2\/media?parent=338"}],"curies":[{"name":"wp","href":"https:\/\/api.w.org\/{rel}","templated":true}]}}