{"id":377,"date":"2024-05-24T09:06:28","date_gmt":"2024-05-24T09:06:28","guid":{"rendered":"https:\/\/www.superyachtcharteribiza.com\/?page_id=377"},"modified":"2025-01-03T14:48:57","modified_gmt":"2025-01-03T14:48:57","slug":"legal-notice","status":"publish","type":"page","link":"https:\/\/www.superyachtcharteribiza.com\/es\/legal-notice\/","title":{"rendered":"Aviso legal"},"content":{"rendered":"\t\t<div data-elementor-type=\"wp-page\" data-elementor-id=\"377\" class=\"elementor elementor-377 elementor-349\" data-elementor-post-type=\"page\">\n\t\t\t\t<div class=\"elementor-element elementor-element-fa89586 e-con-full e-flex e-con e-parent\" data-id=\"fa89586\" data-element_type=\"container\" data-settings=\"{&quot;background_background&quot;:&quot;classic&quot;}\">\n\t\t\t\t<div class=\"elementor-element elementor-element-2bf886e elementor-widget elementor-widget-image\" data-id=\"2bf886e\" data-element_type=\"widget\" data-widget_type=\"image.default\">\n\t\t\t\t<div class=\"elementor-widget-container\">\n\t\t\t\t\t\t\t\t\t\t\t\t\t\t\t<img fetchpriority=\"high\" decoding=\"async\" width=\"2560\" height=\"1683\" src=\"https:\/\/www.superyachtcharteribiza.com\/wp-content\/uploads\/sites\/3\/2024\/12\/ibiza-2-scaled-1-1.jpg\" class=\"attachment-full size-full wp-image-1842\" alt=\"\" srcset=\"https:\/\/www.superyachtcharteribiza.com\/wp-content\/uploads\/sites\/3\/2024\/12\/ibiza-2-scaled-1-1.jpg 2560w, https:\/\/www.superyachtcharteribiza.com\/wp-content\/uploads\/sites\/3\/2024\/12\/ibiza-2-scaled-1-1-992x652.jpg 992w, https:\/\/www.superyachtcharteribiza.com\/wp-content\/uploads\/sites\/3\/2024\/12\/ibiza-2-scaled-1-1-1550x1019.jpg 1550w, https:\/\/www.superyachtcharteribiza.com\/wp-content\/uploads\/sites\/3\/2024\/12\/ibiza-2-scaled-1-1-576x379.jpg 576w, https:\/\/www.superyachtcharteribiza.com\/wp-content\/uploads\/sites\/3\/2024\/12\/ibiza-2-scaled-1-1-768x505.jpg 768w, https:\/\/www.superyachtcharteribiza.com\/wp-content\/uploads\/sites\/3\/2024\/12\/ibiza-2-scaled-1-1-1536x1010.jpg 1536w, https:\/\/www.superyachtcharteribiza.com\/wp-content\/uploads\/sites\/3\/2024\/12\/ibiza-2-scaled-1-1-2048x1346.jpg 2048w, https:\/\/www.superyachtcharteribiza.com\/wp-content\/uploads\/sites\/3\/2024\/12\/ibiza-2-scaled-1-1-1900x1249.jpg 1900w\" sizes=\"(max-width: 2560px) 100vw, 2560px\" \/>\t\t\t\t\t\t\t\t\t\t\t\t\t\t\t<\/div>\n\t\t\t\t<\/div>\n\t\t<div class=\"elementor-element elementor-element-9b8b869 e-flex e-con-boxed e-con e-child\" data-id=\"9b8b869\" data-element_type=\"container\" data-settings=\"{&quot;position&quot;:&quot;absolute&quot;}\">\n\t\t\t\t\t<div class=\"e-con-inner\">\n\t\t\t\t<div class=\"elementor-element elementor-element-0f34417 elementor-widget__width-initial elementor-widget elementor-widget-heading\" data-id=\"0f34417\" data-element_type=\"widget\" data-widget_type=\"heading.default\">\n\t\t\t\t<div class=\"elementor-widget-container\">\n\t\t\t\t\t<h1 class=\"elementor-heading-title elementor-size-default\">Aviso legal<\/h1>\t\t\t\t<\/div>\n\t\t\t\t<\/div>\n\t\t\t\t\t<\/div>\n\t\t\t\t<\/div>\n\t\t\t\t<\/div>\n\t\t<div class=\"elementor-element elementor-element-71e6603 e-flex e-con-boxed e-con e-parent\" data-id=\"71e6603\" data-element_type=\"container\">\n\t\t\t\t\t<div class=\"e-con-inner\">\n\t\t\t\t<div class=\"elementor-element elementor-element-bb7a59a elementor-widget__width-initial elementor-widget elementor-widget-text-editor\" data-id=\"bb7a59a\" data-element_type=\"widget\" data-widget_type=\"text-editor.default\">\n\t\t\t\t<div class=\"elementor-widget-container\">\n\t\t\t\t\t\t\t\t\t<p>Informaci\u00f3n relativa al cumplimiento del art\u00edculo 10 de la LSSICE<\/p><p><strong>TITULAR:<\/strong>\u00a0Charter&amp;Dreams Yacht Services S.L.<br \/><strong>NIF:<\/strong>\u00a0B65250441<br \/><strong>DIRECCI\u00d3N:<\/strong>\u00a0Passeig Joan de Borb\u00f3 80-84, local 2 08039 Barcelona<\/p><p><strong>Protecci\u00f3n de datos personales<\/strong><\/p><p>Los datos de car\u00e1cter personal que se recogen a trav\u00e9s de la p\u00e1gina web, son \u00fanicamente utilizados a efectos de prestar los servicios solicitados as\u00ed como proceder a la facturaci\u00f3n de los mismos. Sus datos ser\u00e1n ubicados en ficheros titularidad de Charter&amp;Dreams Yacht Services S.L. a efectos de facturaci\u00f3n y ser\u00e1n archivados por el periodo de tiempo legalmente necesario. Usted podr\u00e1 ejercer los derechos de acceso, rectificaci\u00f3n, cancelaci\u00f3n y oposici\u00f3n por escrito a Charter&amp;Dreams Yacht Services S.L.en Passeig Joan de Borb\u00f3 80-84 local 2 08039, Barcelona.<\/p><p><strong>Propiedad intelectual y responsabilidad sobre los contenidos<\/strong><\/p><p>Queda prohibido cualquier uso de todos los contenidos de la p\u00e1gina web, concretamente sobre los textos, dise\u00f1o y c\u00f3digo fuente, sin la autorizaci\u00f3n expresa de sus titulares. Cualquier uso no permitido ser\u00e1 debidamente perseguido por los leg\u00edtimos propietarios.<\/p><p>El titular de la p\u00e1gina web no se hace responsable de los contenidos a los que se dirigen los enlaces ubicados en \u00e9sta, seg\u00fan lo que establece el art\u00edculo 17 de la LSSICE.<\/p>\t\t\t\t\t\t\t\t<\/div>\n\t\t\t\t<\/div>\n\t\t\t\t\t<\/div>\n\t\t\t\t<\/div>\n\t\t\t\t<\/div>\n\t\t","protected":false},"excerpt":{"rendered":"<p>Aviso legal Informaci\u00f3n relativa al cumplimiento del art\u00edculo 10 de la LSSICE TITULAR:\u00a0Charter&amp;Dreams Yacht Services S.L.NIF:\u00a0B65250441DIRECCI\u00d3N:\u00a0Passeig Joan de Borb\u00f3 80-84, local 2 08039 Barcelona Protecci\u00f3n de datos personales Los datos de car\u00e1cter personal que se recogen a trav\u00e9s de la p\u00e1gina web, son \u00fanicamente utilizados a efectos de prestar los servicios solicitados as\u00ed como proceder [&hellip;]<\/p>\n","protected":false},"author":2,"featured_media":0,"parent":0,"menu_order":0,"comment_status":"closed","ping_status":"closed","template":"","meta":{"_acf_changed":false,"_joinchat":[],"footnotes":""},"class_list":["post-377","page","type-page","status-publish","hentry"],"acf":[],"_links":{"self":[{"href":"https:\/\/www.superyachtcharteribiza.com\/es\/wp-json\/wp\/v2\/pages\/377","targetHints":{"allow":["GET"]}}],"collection":[{"href":"https:\/\/www.superyachtcharteribiza.com\/es\/wp-json\/wp\/v2\/pages"}],"about":[{"href":"https:\/\/www.superyachtcharteribiza.com\/es\/wp-json\/wp\/v2\/types\/page"}],"author":[{"embeddable":true,"href":"https:\/\/www.superyachtcharteribiza.com\/es\/wp-json\/wp\/v2\/users\/2"}],"replies":[{"embeddable":true,"href":"https:\/\/www.superyachtcharteribiza.com\/es\/wp-json\/wp\/v2\/comments?post=377"}],"version-history":[{"count":7,"href":"https:\/\/www.superyachtcharteribiza.com\/es\/wp-json\/wp\/v2\/pages\/377\/revisions"}],"predecessor-version":[{"id":2036,"href":"https:\/\/www.superyachtcharteribiza.com\/es\/wp-json\/wp\/v2\/pages\/377\/revisions\/2036"}],"wp:attachment":[{"href":"https:\/\/www.superyachtcharteribiza.com\/es\/wp-json\/wp\/v2\/media?parent=377"}],"curies":[{"name":"wp","href":"https:\/\/api.w.org\/{rel}","templated":true}]}}